{"id":3953,"date":"2025-06-17T08:07:24","date_gmt":"2025-06-17T06:07:24","guid":{"rendered":"https:\/\/www.valdelorme.fr\/?page_id=3953"},"modified":"2025-06-17T15:36:49","modified_gmt":"2025-06-17T13:36:49","slug":"mentions-legales","status":"publish","type":"page","link":"https:\/\/www.valdelorme.fr\/index.php\/mentions-legales\/","title":{"rendered":"Mentions l\u00e9gales"},"content":{"rendered":"<p data-start=\"193\" data-end=\"460\"><strong data-start=\"193\" data-end=\"460\">Conform\u00e9ment aux dispositions des articles 6-III et 19 de la Loi n\u00b02004-575 du 21 juin 2004 pour la Confiance dans l\u2019\u00c9conomie Num\u00e9rique (LCEN), il est port\u00e9 \u00e0 la connaissance des utilisateurs et visiteurs du site <a class=\"\" href=\"http:\/\/www.valdelorme.fr\" target=\"_new\" rel=\"noopener\" data-start=\"408\" data-end=\"425\">www.valdelorme.fr<\/a> les pr\u00e9sentes mentions l\u00e9gales :<\/strong><\/p>\n<hr data-start=\"462\" data-end=\"465\" \/>\n<h3 data-start=\"467\" data-end=\"490\"><strong data-start=\"471\" data-end=\"490\">\u00c9diteur du site<\/strong><\/h3>\n<p data-start=\"492\" data-end=\"987\">Le pr\u00e9sent site est \u00e9dit\u00e9 par :<br data-start=\"523\" data-end=\"526\" \/><strong data-start=\"526\" data-end=\"567\">VAL DE L\u2019ORME (DOMAINE VAL DE L\u2019ORME)<\/strong><br data-start=\"567\" data-end=\"570\" \/>Forme juridique : Exploitation Agricole \u00e0 Responsabilit\u00e9 Limit\u00e9e (EARL)<br data-start=\"641\" data-end=\"644\" \/><strong data-start=\"644\" data-end=\"655\">SIREN :<\/strong> 949 092 993<br data-start=\"667\" data-end=\"670\" \/><strong data-start=\"670\" data-end=\"679\">RCS :<\/strong> 949 092 993 R.C.S. N\u00eemes<br data-start=\"704\" data-end=\"707\" \/><strong data-start=\"707\" data-end=\"725\">Si\u00e8ge social :<\/strong> 54 Rue des Lavandi\u00e8res, 30126 TAVEL \u2013 France<br data-start=\"770\" data-end=\"773\" \/><strong data-start=\"773\" data-end=\"811\">Num\u00e9ro de TVA intracommunautaire :<\/strong> FR64949092993<br data-start=\"825\" data-end=\"828\" \/><strong data-start=\"828\" data-end=\"844\">Dirigeants :<\/strong> Elisabeth DELORME, Jean-Maxime DELORME<br data-start=\"883\" data-end=\"886\" \/><strong data-start=\"886\" data-end=\"899\">Contact :<\/strong> contact@valdelorme.fr \/ T\u00e9l\u00e9phone : 06 03 61 06 50<\/p>\n<hr data-start=\"989\" data-end=\"992\" \/>\n<h3 data-start=\"994\" data-end=\"1021\"><strong data-start=\"998\" data-end=\"1021\">H\u00e9bergement du site<\/strong><\/h3>\n<p data-start=\"1023\" data-end=\"1171\">Le site est h\u00e9berg\u00e9 par :<br data-start=\"1048\" data-end=\"1051\" \/><strong data-start=\"1051\" data-end=\"1075\">[Nom de l\u2019h\u00e9bergeur]<\/strong><br data-start=\"1075\" data-end=\"1078\" \/>[Adresse de l\u2019h\u00e9bergeur]<br data-start=\"1102\" data-end=\"1105\" \/>[Num\u00e9ro de t\u00e9l\u00e9phone de l\u2019h\u00e9bergeur]<br data-start=\"1141\" data-end=\"1144\" \/>[Site web de l\u2019h\u00e9bergeur]<\/p>\n<p data-start=\"1173\" data-end=\"1287\"><em data-start=\"1173\" data-end=\"1287\">(\u00c0 compl\u00e9ter en fonction du prestataire d\u2019h\u00e9bergement r\u00e9ellement utilis\u00e9, par exemple : OVH, Gandi, Ionos, etc.)<\/em><\/p>\n<hr data-start=\"1289\" data-end=\"1292\" \/>\n<h3 data-start=\"1294\" data-end=\"1331\"><strong data-start=\"1298\" data-end=\"1331\">Responsable de la publication<\/strong><\/h3>\n<p data-start=\"1333\" data-end=\"1447\">Le responsable de la publication est : <strong data-start=\"1372\" data-end=\"1395\">Jean-Maxime DELORME<\/strong><br data-start=\"1395\" data-end=\"1398\" \/>Contact : contact@valdelorme.fr<\/p>\n<hr data-start=\"1449\" data-end=\"1452\" \/>\n<h3 data-start=\"1454\" data-end=\"1486\"><strong data-start=\"1458\" data-end=\"1486\">Propri\u00e9t\u00e9 intellectuelle<\/strong><\/h3>\n<p data-start=\"1488\" data-end=\"1892\">L\u2019ensemble du contenu du site <a class=\"\" href=\"http:\/\/www.valdelorme.fr\" target=\"_new\" rel=\"noopener\" data-start=\"1518\" data-end=\"1535\">www.valdelorme.fr<\/a> (textes, images, graphismes, logo, ic\u00f4nes, sons, logiciels, etc.) est la propri\u00e9t\u00e9 exclusive de VAL DE L\u2019ORME, sauf mentions contraires explicites. Toute reproduction, distribution, modification, adaptation, retransmission ou publication, m\u00eame partielle, de ces diff\u00e9rents \u00e9l\u00e9ments est strictement interdite sans l\u2019accord expr\u00e8s par \u00e9crit de VAL DE L\u2019ORME.<\/p>\n<hr data-start=\"1894\" data-end=\"1897\" \/>\n<h3 data-start=\"1899\" data-end=\"1931\"><strong data-start=\"1903\" data-end=\"1931\">Conditions d\u2019utilisation<\/strong><\/h3>\n<p data-start=\"1933\" data-end=\"2159\">L\u2019utilisation du site implique l\u2019acceptation pleine et enti\u00e8re des conditions g\u00e9n\u00e9rales d\u2019utilisation d\u00e9crites dans les pr\u00e9sentes mentions l\u00e9gales. Ces conditions sont susceptibles d\u2019\u00eatre modifi\u00e9es ou compl\u00e9t\u00e9es \u00e0 tout moment.<\/p>\n<hr data-start=\"2161\" data-end=\"2164\" \/>\n<h3 data-start=\"2166\" data-end=\"2209\"><strong data-start=\"2170\" data-end=\"2209\">Protection des donn\u00e9es personnelles<\/strong><\/h3>\n<p data-start=\"2211\" data-end=\"2737\">Les informations personnelles pouvant \u00eatre collect\u00e9es sur le site sont principalement utilis\u00e9es par l\u2019\u00e9diteur pour la gestion des relations avec vous et, le cas \u00e9ch\u00e9ant, pour le traitement de vos commandes.<br data-start=\"2417\" data-end=\"2420\" \/>Conform\u00e9ment au R\u00e8glement G\u00e9n\u00e9ral sur la Protection des Donn\u00e9es (RGPD) et \u00e0 la loi Informatique et Libert\u00e9s, vous disposez d\u2019un droit d\u2019acc\u00e8s, de rectification et de suppression de vos donn\u00e9es personnelles. Pour exercer ce droit, adressez votre demande \u00e0 : [Indiquer l\u2019adresse email de contact ou une adresse postale]<\/p>\n<hr data-start=\"2739\" data-end=\"2742\" \/>\n<h3 data-start=\"2744\" data-end=\"2759\"><strong data-start=\"2748\" data-end=\"2759\">Cookies<\/strong><\/h3>\n<p data-start=\"2761\" data-end=\"2993\">Le site <a class=\"\" href=\"http:\/\/www.valdelorme.fr\" target=\"_new\" rel=\"noopener\" data-start=\"2769\" data-end=\"2786\">www.valdelorme.fr<\/a> peut \u00eatre amen\u00e9 \u00e0 vous demander l\u2019acceptation des cookies pour des besoins de statistiques et d\u2019affichage. Un cookie est une information d\u00e9pos\u00e9e sur votre disque dur par le serveur du site que vous visitez.<\/p>\n<hr data-start=\"2995\" data-end=\"2998\" \/>\n<h3 data-start=\"3000\" data-end=\"3050\"><strong data-start=\"3004\" data-end=\"3050\">Droit applicable et juridiction comp\u00e9tente<\/strong><\/h3>\n<p data-start=\"3052\" data-end=\"3245\">Tout litige en relation avec l\u2019utilisation du site <a class=\"\" href=\"http:\/\/www.valdelorme.fr\" target=\"_new\" rel=\"noopener\" data-start=\"3103\" data-end=\"3120\">www.valdelorme.fr<\/a> est soumis au droit fran\u00e7ais. En cas de litige, les tribunaux comp\u00e9tents seront ceux du ressort de la Cour d\u2019appel de N\u00eemes.<\/p>\n<hr data-start=\"3247\" data-end=\"3250\" \/>\n<h2 data-start=\"3252\" data-end=\"3266\"><strong data-start=\"3255\" data-end=\"3266\">Contact<\/strong><\/h2>\n<p data-start=\"3268\" data-end=\"3448\">Pour toute question ou signalement concernant le site, vous pouvez contacter l\u2019\u00e9diteur \u00e0 l\u2019adresse suivante :<br data-start=\"3377\" data-end=\"3380\" \/>\ud83d\udce7 contact@valdelorme.fr<br data-start=\"3409\" data-end=\"3412\" \/>\ud83d\udcde06 03 61 06 50<\/p>\n","protected":false},"excerpt":{"rendered":"<p>Conform\u00e9ment aux dispositions des articles 6-III et 19 de la Loi n\u00b02004-575 du 21 juin 2004 pour la Confiance dans l\u2019\u00c9conomie Num\u00e9rique (LCEN), il est port\u00e9 \u00e0 la connaissance des utilisateurs et visiteurs du site www.valdelorme.fr les pr\u00e9sentes mentions l\u00e9gales : \u00c9diteur du site Le [&hellip;]<\/p>\n","protected":false},"author":1,"featured_media":0,"parent":0,"menu_order":0,"comment_status":"closed","ping_status":"closed","template":"","meta":{"om_disable_all_campaigns":false,"_themeisle_gutenberg_block_has_review":false,"footnotes":""},"class_list":["post-3953","page","type-page","status-publish","hentry"],"jetpack_sharing_enabled":true,"_links":{"self":[{"href":"https:\/\/www.valdelorme.fr\/index.php\/wp-json\/wp\/v2\/pages\/3953","targetHints":{"allow":["GET"]}}],"collection":[{"href":"https:\/\/www.valdelorme.fr\/index.php\/wp-json\/wp\/v2\/pages"}],"about":[{"href":"https:\/\/www.valdelorme.fr\/index.php\/wp-json\/wp\/v2\/types\/page"}],"author":[{"embeddable":true,"href":"https:\/\/www.valdelorme.fr\/index.php\/wp-json\/wp\/v2\/users\/1"}],"replies":[{"embeddable":true,"href":"https:\/\/www.valdelorme.fr\/index.php\/wp-json\/wp\/v2\/comments?post=3953"}],"version-history":[{"count":1,"href":"https:\/\/www.valdelorme.fr\/index.php\/wp-json\/wp\/v2\/pages\/3953\/revisions"}],"predecessor-version":[{"id":4781,"href":"https:\/\/www.valdelorme.fr\/index.php\/wp-json\/wp\/v2\/pages\/3953\/revisions\/4781"}],"wp:attachment":[{"href":"https:\/\/www.valdelorme.fr\/index.php\/wp-json\/wp\/v2\/media?parent=3953"}],"curies":[{"name":"wp","href":"https:\/\/api.w.org\/{rel}","templated":true}]}}