{"id":11441,"date":"2025-10-19T17:11:29","date_gmt":"2025-10-19T15:11:29","guid":{"rendered":"https:\/\/www.valdelorme.fr\/?post_type=product&#038;p=11441"},"modified":"2026-03-20T17:30:37","modified_gmt":"2026-03-20T16:30:37","slug":"tavel-futur-2024","status":"publish","type":"product","link":"https:\/\/www.valdelorme.fr\/index.php\/produit\/tavel-futur-2024\/","title":{"rendered":"PROMO &#8211; TAVEL \u00ab\u00a0FUTUR?\u00a0\u00bb 2024"},"content":{"rendered":"<p>Pourquoi futur? : Cela ne veut pas dire que tous les vins de l\u2019appellation s\u2019orienteront dans cette voie. Pour JM c\u2019est un nouvel axe de r\u00e9flexion des vins.<\/p>\n<p>C\u2019est \u00e0 dire? Nous avons utilis\u00e9 une m\u00e9thode de vinification particuli\u00e8re : la mac\u00e9ration carbonique. Cela permet de pouvoir r\u00e9colter les raisins en l\u00e9g\u00e8re sous maturit\u00e9 (avec un degr\u00e9s d\u2019alcool sympathique autour de 12,5%) et de pouvoir faire ressortir du fruits, et une jolie fra\u00eecheur.<\/p>\n<p><span class=\"a_GcMg font-feature-liga-off font-feature-clig-off font-feature-calt-off text-decoration-none text-strikethrough-none\">En raison du faible volume de la r\u00e9colte 2024, l\u2019int\u00e9gralit\u00e9 de la cuv\u00e9e a \u00e9t\u00e9 \u00e9lev\u00e9e en f\u00fbt pendant 9 mois.<\/span><\/p>\n","protected":false},"excerpt":{"rendered":"<p><strong>CEPAGES :<\/strong> Grenache , Mourv\u00e8dre<\/p>\n<p><strong>TERROIRS :<\/strong> Lauzes et Sables<\/p>\n<p><strong>VENDANGE &amp; VINIFICATION :<\/strong> Raisins ramass\u00e9s \u00e0 la main et \u00e0 la caisse. Vinification en levures indig\u00e8nes et en mac\u00e9ration carbonique. 100% de la cuv\u00e9e a \u00e9t\u00e9 \u00e9lev\u00e9e en f\u00fbts pendant 9 mois<\/p>\n<p><strong>DEGUSTATION :<\/strong> La temp\u00e9rature de service id\u00e9ale est 12\u00b0C. Vin gourmand, sur des notes de groseille et de vanille. Une jolie fra\u00eecheur en fin de bouche.<\/p>\n<p><strong>ACCORDS METS &amp; VINS :<\/strong> Ce vin s\u2019accordera parfaitement sur des plats proven\u00e7aux et des mets asiatiques (sushis, makis, et plats sucr\u00e9s, sal\u00e9s).<\/p>\n<p>Le degr\u00e9 alcoolique \u00e9tant \u00e0 13%, ce vin sera tr\u00e8s agr\u00e9able tout au long du repas.<\/p>\n","protected":false},"featured_media":11442,"comment_status":"open","ping_status":"closed","template":"","meta":{"om_disable_all_campaigns":false,"_themeisle_gutenberg_block_has_review":false},"product_brand":[],"product_cat":[68],"product_tag":[],"class_list":{"0":"post-11441","1":"product","2":"type-product","3":"status-publish","4":"has-post-thumbnail","6":"product_cat-rose","8":"first","9":"instock","10":"sale","11":"purchasable","12":"product-type-simple"},"jetpack_sharing_enabled":true,"_links":{"self":[{"href":"https:\/\/www.valdelorme.fr\/index.php\/wp-json\/wp\/v2\/product\/11441","targetHints":{"allow":["GET"]}}],"collection":[{"href":"https:\/\/www.valdelorme.fr\/index.php\/wp-json\/wp\/v2\/product"}],"about":[{"href":"https:\/\/www.valdelorme.fr\/index.php\/wp-json\/wp\/v2\/types\/product"}],"replies":[{"embeddable":true,"href":"https:\/\/www.valdelorme.fr\/index.php\/wp-json\/wp\/v2\/comments?post=11441"}],"wp:featuredmedia":[{"embeddable":true,"href":"https:\/\/www.valdelorme.fr\/index.php\/wp-json\/wp\/v2\/media\/11442"}],"wp:attachment":[{"href":"https:\/\/www.valdelorme.fr\/index.php\/wp-json\/wp\/v2\/media?parent=11441"}],"wp:term":[{"taxonomy":"product_brand","embeddable":true,"href":"https:\/\/www.valdelorme.fr\/index.php\/wp-json\/wp\/v2\/product_brand?post=11441"},{"taxonomy":"product_cat","embeddable":true,"href":"https:\/\/www.valdelorme.fr\/index.php\/wp-json\/wp\/v2\/product_cat?post=11441"},{"taxonomy":"product_tag","embeddable":true,"href":"https:\/\/www.valdelorme.fr\/index.php\/wp-json\/wp\/v2\/product_tag?post=11441"}],"curies":[{"name":"wp","href":"https:\/\/api.w.org\/{rel}","templated":true}]}}