{"id":11447,"date":"2025-10-19T17:45:09","date_gmt":"2025-10-19T15:45:09","guid":{"rendered":"https:\/\/www.valdelorme.fr\/?post_type=product&#038;p=11447"},"modified":"2026-03-17T11:53:20","modified_gmt":"2026-03-17T10:53:20","slug":"vindefrance-justeleblanc-blanc","status":"publish","type":"product","link":"https:\/\/www.valdelorme.fr\/index.php\/produit\/vindefrance-justeleblanc-blanc\/","title":{"rendered":"VIN DE FRANCE &#8211; \u00ab\u00a0Juste Le Blanc\u00a0\u00bb 2024"},"content":{"rendered":"<p>Une petite parcelle de muscat, une autre de viognier pour faire un seul f\u00fbt de 225L sur le mill\u00e9sime 2024.<\/p>\n<p>Nous avions peur qu&rsquo;il soit trop aromatique : mais sa belle fra\u00eecheur due au terroir \u00e9quilibre tr\u00e8s bien sa d\u00e9gustation<\/p>\n","protected":false},"excerpt":{"rendered":"<p class=\"cvGsUA direction-ltr align-start para-style-body\"><span class=\"a_GcMg font-feature-liga-off font-feature-clig-off font-feature-calt-off text-decoration-none text-strikethrough-none\">CEPAGES :<\/span><span class=\"a_GcMg font-feature-liga-off font-feature-clig-off font-feature-calt-off text-decoration-none text-strikethrough-none\"> 70% Muscat, 30% Viognier<\/span><\/p>\n<p class=\"cvGsUA direction-ltr align-start para-style-body\"><span class=\"a_GcMg font-feature-liga-off font-feature-clig-off font-feature-calt-off text-decoration-none text-strikethrough-none\">TERROIR :<\/span><span class=\"a_GcMg font-feature-liga-off font-feature-clig-off font-feature-calt-off text-decoration-none text-strikethrough-none\"> Sables et Galets roul\u00e9s\u00a0<\/span><\/p>\n<p><span class=\"a_GcMg font-feature-liga-off font-feature-clig-off font-feature-calt-off text-decoration-none text-strikethrough-none\">VINIFICATION : <\/span><span class=\"a_GcMg font-feature-liga-off font-feature-clig-off font-feature-calt-off text-decoration-none text-strikethrough-none\">Vendange ramass\u00e9e \u00e0 la main et \u00e0 la caisse. Vinification en levures indig\u00e8nes. \u00c9levage dans un f\u00fbt unique de 225L pendant 9 mois. Petite cuv\u00e9e confidentielle de 300 bouteilles.<\/span><\/p>\n<p>DEGUSTATION : <span class=\"a_GcMg font-feature-liga-off font-feature-clig-off font-feature-calt-off text-decoration-none text-strikethrough-none\">Nez d\u00e9licat aux notes d\u2019abricot, bouche d\u2019une belle fra\u00eecheur qui \u00e9quilibre harmonieusement la richesse aromatique. Temp\u00e9rature de service 11\u00b0C.<\/span><\/p>\n","protected":false},"featured_media":11448,"comment_status":"open","ping_status":"closed","template":"","meta":{"om_disable_all_campaigns":false,"_themeisle_gutenberg_block_has_review":false},"product_brand":[],"product_cat":[131],"product_tag":[216],"class_list":{"0":"post-11447","1":"product","2":"type-product","3":"status-publish","4":"has-post-thumbnail","6":"product_cat-blanc","7":"product_tag-parenthese-arrive-tres-prochainement","9":"first","10":"outofstock","11":"purchasable","12":"product-type-simple"},"jetpack_sharing_enabled":true,"_links":{"self":[{"href":"https:\/\/www.valdelorme.fr\/index.php\/wp-json\/wp\/v2\/product\/11447","targetHints":{"allow":["GET"]}}],"collection":[{"href":"https:\/\/www.valdelorme.fr\/index.php\/wp-json\/wp\/v2\/product"}],"about":[{"href":"https:\/\/www.valdelorme.fr\/index.php\/wp-json\/wp\/v2\/types\/product"}],"replies":[{"embeddable":true,"href":"https:\/\/www.valdelorme.fr\/index.php\/wp-json\/wp\/v2\/comments?post=11447"}],"wp:featuredmedia":[{"embeddable":true,"href":"https:\/\/www.valdelorme.fr\/index.php\/wp-json\/wp\/v2\/media\/11448"}],"wp:attachment":[{"href":"https:\/\/www.valdelorme.fr\/index.php\/wp-json\/wp\/v2\/media?parent=11447"}],"wp:term":[{"taxonomy":"product_brand","embeddable":true,"href":"https:\/\/www.valdelorme.fr\/index.php\/wp-json\/wp\/v2\/product_brand?post=11447"},{"taxonomy":"product_cat","embeddable":true,"href":"https:\/\/www.valdelorme.fr\/index.php\/wp-json\/wp\/v2\/product_cat?post=11447"},{"taxonomy":"product_tag","embeddable":true,"href":"https:\/\/www.valdelorme.fr\/index.php\/wp-json\/wp\/v2\/product_tag?post=11447"}],"curies":[{"name":"wp","href":"https:\/\/api.w.org\/{rel}","templated":true}]}}