{"id":11573,"date":"2026-03-20T17:43:09","date_gmt":"2026-03-20T16:43:09","guid":{"rendered":"https:\/\/www.valdelorme.fr\/?post_type=product&#038;p=11573"},"modified":"2026-03-20T17:43:10","modified_gmt":"2026-03-20T16:43:10","slug":"vin-de-france-blanc-parenthese-2025","status":"publish","type":"product","link":"https:\/\/www.valdelorme.fr\/index.php\/produit\/vin-de-france-blanc-parenthese-2025\/","title":{"rendered":"Vin de France Blanc (Parenth\u00e8se) &#8211; 2025"},"content":{"rendered":"<p>Une nouvelle cuv\u00e9e en blanc pour ce mill\u00e9sime 2025 :<\/p>\n","protected":false},"excerpt":{"rendered":"<p class=\"cvGsUA direction-ltr align-start para-style-body\"><span class=\"a_GcMg font-feature-liga-off font-feature-clig-off font-feature-calt-off text-decoration-none text-strikethrough-none\">C\u00c9PAGES :<\/span><span class=\"a_GcMg font-feature-liga-off font-feature-clig-off font-feature-calt-off text-decoration-none text-strikethrough-none\">\u00a0 50% Clairette, 40% Grenache Blanc , 10% Muscat,<\/span><\/p>\n<p class=\"cvGsUA direction-ltr align-start para-style-body\"><span class=\"a_GcMg font-feature-liga-off font-feature-clig-off font-feature-calt-off text-decoration-none text-strikethrough-none\">TERROIR :<\/span><span class=\"a_GcMg font-feature-liga-off font-feature-clig-off font-feature-calt-off text-decoration-none text-strikethrough-none\"> Sables et Argiles<\/span><\/p>\n<p><span class=\"a_GcMg font-feature-liga-off font-feature-clig-off font-feature-calt-off text-decoration-none text-strikethrough-none\">VINIFICATION : <\/span><span class=\"a_GcMg font-feature-liga-off font-feature-clig-off font-feature-calt-off text-decoration-none text-strikethrough-none\">Vendange ramass\u00e9e \u00e0 la main et \u00e0 la caisse. Vinification en levures indig\u00e8nes. \u00c9levage en demi-muid pendant 5 mois<\/span><\/p>\n<p>D\u00c9GUSTATION : <span class=\"a_GcMg font-feature-liga-off font-feature-clig-off font-feature-calt-off text-decoration-none text-strikethrough-none\">Vin sur la fraicheur, bel \u00e9quilibre en bouche. Temp\u00e9rature de service 11\u00b0C.<\/span><\/p>\n","protected":false},"featured_media":11574,"comment_status":"open","ping_status":"closed","template":"","meta":{"om_disable_all_campaigns":false,"_themeisle_gutenberg_block_has_review":false},"product_brand":[],"product_cat":[131],"product_tag":[],"class_list":{"0":"post-11573","1":"product","2":"type-product","3":"status-publish","4":"has-post-thumbnail","6":"product_cat-blanc","8":"first","9":"instock","10":"taxable","11":"shipping-taxable","12":"purchasable","13":"product-type-simple"},"jetpack_sharing_enabled":true,"_links":{"self":[{"href":"https:\/\/www.valdelorme.fr\/index.php\/wp-json\/wp\/v2\/product\/11573","targetHints":{"allow":["GET"]}}],"collection":[{"href":"https:\/\/www.valdelorme.fr\/index.php\/wp-json\/wp\/v2\/product"}],"about":[{"href":"https:\/\/www.valdelorme.fr\/index.php\/wp-json\/wp\/v2\/types\/product"}],"replies":[{"embeddable":true,"href":"https:\/\/www.valdelorme.fr\/index.php\/wp-json\/wp\/v2\/comments?post=11573"}],"wp:featuredmedia":[{"embeddable":true,"href":"https:\/\/www.valdelorme.fr\/index.php\/wp-json\/wp\/v2\/media\/11574"}],"wp:attachment":[{"href":"https:\/\/www.valdelorme.fr\/index.php\/wp-json\/wp\/v2\/media?parent=11573"}],"wp:term":[{"taxonomy":"product_brand","embeddable":true,"href":"https:\/\/www.valdelorme.fr\/index.php\/wp-json\/wp\/v2\/product_brand?post=11573"},{"taxonomy":"product_cat","embeddable":true,"href":"https:\/\/www.valdelorme.fr\/index.php\/wp-json\/wp\/v2\/product_cat?post=11573"},{"taxonomy":"product_tag","embeddable":true,"href":"https:\/\/www.valdelorme.fr\/index.php\/wp-json\/wp\/v2\/product_tag?post=11573"}],"curies":[{"name":"wp","href":"https:\/\/api.w.org\/{rel}","templated":true}]}}