{"id":11605,"date":"2026-04-20T11:57:06","date_gmt":"2026-04-20T09:57:06","guid":{"rendered":"https:\/\/www.valdelorme.fr\/?post_type=product&#038;p=11605"},"modified":"2026-04-20T12:05:00","modified_gmt":"2026-04-20T10:05:00","slug":"tavel-present-2025","status":"publish","type":"product","link":"https:\/\/www.valdelorme.fr\/index.php\/produit\/tavel-present-2025\/","title":{"rendered":"TAVEL \u00ab\u00a0PRESENT\u00a0\u00bb 2025"},"content":{"rendered":"<p>Il est enfiiiiiin disponible, nous sommes tr\u00e8s fiers de vous pr\u00e9senter ce Tavel. Fruit\u00e9, gourmand, avec une jolie fra\u00eecheur, qui pourra accompagner tous vos plats cet \u00e9t\u00e9.<\/p>\n<p>Nouveau Mill\u00e9sime, Nouvelle \u00e9tiquette.<\/p>\n<p>Jean-Maxime a une r\u00e9elle volont\u00e9 de mettre en avant les 13 c\u00e9pages qui composent le cahier des charges du Cru Tavel. Ainsi, il a choisi de vinifier cette cuv\u00e9e en faisant mac\u00e9rer les c\u00e9pages blancs et noirs ensemble , ce qui apporte \u00e0 la fois fra\u00eecheur et complexit\u00e9.<\/p>\n<p>&nbsp;<\/p>\n","protected":false},"excerpt":{"rendered":"<p><strong>C\u00c9PAGES :<\/strong> Grenache noir, Grenache Blanc, Syrah, Cinsault, Mourv\u00e8dre noir, Picpoul Blanc, Clairette Blanche<\/p>\n<p><strong>TERROIRS :<\/strong> Sables, Galets roul\u00e9s, Lauzes<\/p>\n<p><strong>VENDANGE ET VINIFICATION :<\/strong> Vendange ramass\u00e9e \u00e0 la main et en caisse. Mac\u00e9ration de tous les c\u00e9pages ensemble en levures indig\u00e8nes.<\/p>\n<p><strong>D\u00c9GUSTATION :<\/strong> Robe Rose intense, Nez fruit\u00e9 sur des notes de framboise, floral, bouche en finesse avec une jolie fra\u00eecheur.<\/p>\n<p>Temp\u00e9rature de service : 11\u00b0C<\/p>\n<p><strong>DEGR\u00c9 D&rsquo;ALCOOL :<\/strong> 13,5%<\/p>\n<p>&nbsp;<\/p>\n<h3><\/h3>\n<p>&nbsp;<\/p>\n","protected":false},"featured_media":11606,"comment_status":"closed","ping_status":"closed","template":"","meta":{"om_disable_all_campaigns":false,"_themeisle_gutenberg_block_has_review":false},"product_brand":[],"product_cat":[68],"product_tag":[],"class_list":{"0":"post-11605","1":"product","2":"type-product","3":"status-publish","4":"has-post-thumbnail","6":"product_cat-rose","8":"first","9":"instock","10":"featured","11":"purchasable","12":"product-type-simple"},"jetpack_sharing_enabled":true,"_links":{"self":[{"href":"https:\/\/www.valdelorme.fr\/index.php\/wp-json\/wp\/v2\/product\/11605","targetHints":{"allow":["GET"]}}],"collection":[{"href":"https:\/\/www.valdelorme.fr\/index.php\/wp-json\/wp\/v2\/product"}],"about":[{"href":"https:\/\/www.valdelorme.fr\/index.php\/wp-json\/wp\/v2\/types\/product"}],"replies":[{"embeddable":true,"href":"https:\/\/www.valdelorme.fr\/index.php\/wp-json\/wp\/v2\/comments?post=11605"}],"wp:featuredmedia":[{"embeddable":true,"href":"https:\/\/www.valdelorme.fr\/index.php\/wp-json\/wp\/v2\/media\/11606"}],"wp:attachment":[{"href":"https:\/\/www.valdelorme.fr\/index.php\/wp-json\/wp\/v2\/media?parent=11605"}],"wp:term":[{"taxonomy":"product_brand","embeddable":true,"href":"https:\/\/www.valdelorme.fr\/index.php\/wp-json\/wp\/v2\/product_brand?post=11605"},{"taxonomy":"product_cat","embeddable":true,"href":"https:\/\/www.valdelorme.fr\/index.php\/wp-json\/wp\/v2\/product_cat?post=11605"},{"taxonomy":"product_tag","embeddable":true,"href":"https:\/\/www.valdelorme.fr\/index.php\/wp-json\/wp\/v2\/product_tag?post=11605"}],"curies":[{"name":"wp","href":"https:\/\/api.w.org\/{rel}","templated":true}]}}