{"id":11608,"date":"2026-04-20T12:12:15","date_gmt":"2026-04-20T10:12:15","guid":{"rendered":"https:\/\/www.valdelorme.fr\/?post_type=product&#038;p=11608"},"modified":"2026-04-20T12:24:39","modified_gmt":"2026-04-20T10:24:39","slug":"vin-de-france-rouge-prelude-2025","status":"publish","type":"product","link":"https:\/\/www.valdelorme.fr\/index.php\/produit\/vin-de-france-rouge-prelude-2025\/","title":{"rendered":"VIN DE FRANCE ROUGE \u00ab\u00a0Pr\u00e9lude\u00a0\u00bb 2025"},"content":{"rendered":"<p>Le Mill\u00e9sime 2025 est enfin disponible !!<\/p>\n<p>La cuv\u00e9e plaisir, id\u00e9ale pour d\u00e9marrer votre repas, votre ap\u00e9ritif.<\/p>\n","protected":false},"excerpt":{"rendered":"<p><strong>C\u00c9PAGES :<\/strong> Grenache, Syrah, Mourv\u00e8dre, Carignan<\/p>\n<p><strong>TERROIRS :<\/strong> Galets roul\u00e9s &amp; Lauzes calcaires<\/p>\n<p><strong>VENDANGE &amp; VINIFICATION :<\/strong> Vendange ramass\u00e9e \u00e0 la main. Fermentation en levures indig\u00e8nes. \u00c9levage en cuve b\u00e9ton et inox pendant 6 mois.<\/p>\n<p><strong>D\u00c9GUSTATION :<\/strong> Ar\u00f4mes sur le cassis, tannins fins, jolie fra\u00eecheur et bonne longueur. Vin plaisir pour accompagner un barbecue ou bien un fromage de ch\u00e8vre frais.<\/p>\n<p>Temp\u00e9rature de service : 17\u00b0C \/ Degr\u00e9 d&rsquo;alcool : 14%<\/p>\n","protected":false},"featured_media":11609,"comment_status":"closed","ping_status":"closed","template":"","meta":{"om_disable_all_campaigns":false,"_themeisle_gutenberg_block_has_review":false},"product_brand":[],"product_cat":[134],"product_tag":[],"class_list":{"0":"post-11608","1":"product","2":"type-product","3":"status-publish","4":"has-post-thumbnail","6":"product_cat-rouge","8":"first","9":"instock","10":"featured","11":"purchasable","12":"product-type-simple"},"jetpack_sharing_enabled":true,"_links":{"self":[{"href":"https:\/\/www.valdelorme.fr\/index.php\/wp-json\/wp\/v2\/product\/11608","targetHints":{"allow":["GET"]}}],"collection":[{"href":"https:\/\/www.valdelorme.fr\/index.php\/wp-json\/wp\/v2\/product"}],"about":[{"href":"https:\/\/www.valdelorme.fr\/index.php\/wp-json\/wp\/v2\/types\/product"}],"replies":[{"embeddable":true,"href":"https:\/\/www.valdelorme.fr\/index.php\/wp-json\/wp\/v2\/comments?post=11608"}],"wp:featuredmedia":[{"embeddable":true,"href":"https:\/\/www.valdelorme.fr\/index.php\/wp-json\/wp\/v2\/media\/11609"}],"wp:attachment":[{"href":"https:\/\/www.valdelorme.fr\/index.php\/wp-json\/wp\/v2\/media?parent=11608"}],"wp:term":[{"taxonomy":"product_brand","embeddable":true,"href":"https:\/\/www.valdelorme.fr\/index.php\/wp-json\/wp\/v2\/product_brand?post=11608"},{"taxonomy":"product_cat","embeddable":true,"href":"https:\/\/www.valdelorme.fr\/index.php\/wp-json\/wp\/v2\/product_cat?post=11608"},{"taxonomy":"product_tag","embeddable":true,"href":"https:\/\/www.valdelorme.fr\/index.php\/wp-json\/wp\/v2\/product_tag?post=11608"}],"curies":[{"name":"wp","href":"https:\/\/api.w.org\/{rel}","templated":true}]}}