{"id":4189,"date":"2024-08-26T12:44:32","date_gmt":"2024-08-26T10:44:32","guid":{"rendered":"https:\/\/www.valdelorme.fr\/?post_type=product&#038;p=4189"},"modified":"2026-01-22T11:37:11","modified_gmt":"2026-01-22T10:37:11","slug":"chateauneuf-du-pape-rouge-2024-kairos-domaine-val-de-lorme","status":"publish","type":"product","link":"https:\/\/www.valdelorme.fr\/index.php\/produit\/chateauneuf-du-pape-rouge-2024-kairos-domaine-val-de-lorme\/","title":{"rendered":"CH\u00c2TEAUNEUF-DU-PAPE ROUGE \u00ab\u00a0Kairos\u00a0\u00bb 2024"},"content":{"rendered":"<p>Il est de retour! :)<\/p>\n<p>&nbsp;<\/p>\n<p>&nbsp;<\/p>\n<p class=\"cvGsUA direction-ltr align-center para-style-body\"><span class=\"OYPEnA font-feature-liga-off font-feature-clig-off font-feature-calt-off text-decoration-none text-strikethrough-none\">\u00a0<\/span><\/p>\n","protected":false},"excerpt":{"rendered":"<p><strong>C\u00c9PAGES :<\/strong> 80% Grenache, 20% Syrah<\/p>\n<p><strong>TERROIRS :<\/strong> Galets roul\u00e9s<\/p>\n<p><strong>VENDANGE &amp; VINIFICATION :<\/strong> <span class=\"OYPEnA font-feature-liga-off font-feature-clig-off font-feature-calt-off text-decoration-none text-strikethrough-none\">Vendange ramass\u00e9e \u00e0 la main, en petites caisses de 32L. <\/span><span class=\"OYPEnA font-feature-liga-off font-feature-clig-off font-feature-calt-off text-decoration-none text-strikethrough-none\">Fermentation en levures indig\u00e8nes. <\/span><span class=\"OYPEnA font-feature-liga-off font-feature-clig-off font-feature-calt-off text-decoration-none text-strikethrough-none\">\u00c9levage sur lies fines en f\u00fbts de 225L \u00e2g\u00e9s\u00a0 pendant 9 mois.<\/span><\/p>\n<p><strong>D\u00c9GUSTATION :<\/strong> <span class=\"OYPEnA font-feature-liga-off font-feature-clig-off font-feature-calt-off text-decoration-none text-strikethrough-none\">Ar\u00f4mes de fruits rouges, belle longueur. <\/span><span class=\"OYPEnA font-feature-liga-off font-feature-clig-off font-feature-calt-off text-decoration-none text-strikethrough-none\">Jolie rondeur vanill\u00e9e et structure par les f\u00fbts et l&rsquo;\u00e9levage sur lies. Cette cuv\u00e9e a un tr\u00e8s beau potentiel de garde.\u00a0<\/span><\/p>\n<p class=\"cvGsUA direction-ltr align-center para-style-body\"><span class=\"OYPEnA font-feature-liga-off font-feature-clig-off font-feature-calt-off text-decoration-none text-strikethrough-none\">Temp\u00e9rature de service 17\u00b0C.<\/span><\/p>\n<p class=\"cvGsUA direction-ltr align-center para-style-body\"><span class=\"OYPEnA font-feature-liga-off font-feature-clig-off font-feature-calt-off text-decoration-none text-strikethrough-none\"><strong>Degr\u00e9 d\u2019alcool :<\/strong> 14,5%<\/span><\/p>\n<h4 align=\"center\"><\/h4>\n<h3 style=\"text-align: left;\" align=\"center\">L\u2019avis de Jeb Dunnuck, critique de vin am\u00e9ricain:<\/h3>\n<p>Note: 88-90<\/p>\n<p data-start=\"250\" data-end=\"682\">Le Ch\u00e2teauneuf-du-Pape Kairos pr\u00e9sente une robe rubis\/violette profonde et offre des ar\u00f4mes riches et charnus de cerises noires, cassis, cuir l\u00e9g\u00e8rement br\u00fbl\u00e9 et chocolat. La bouche est solide, avec une richesse pleine, un milieu de bouche concentr\u00e9 et des tanins fermes qui lui donnent un caract\u00e8re presque rustique.<\/p>\n<p data-start=\"684\" data-end=\"849\">Avec environ 100 caisses produites, il sera int\u00e9ressant de voir comment le vin \u00e9volue durant son \u00e9levage, et s\u2019il gagne en \u00e9l\u00e9gance, il pourrait devenir remarquable.<\/p>\n","protected":false},"featured_media":11470,"comment_status":"closed","ping_status":"closed","template":"","meta":{"om_disable_all_campaigns":false,"_themeisle_gutenberg_block_has_review":false},"product_brand":[],"product_cat":[134],"product_tag":[],"class_list":{"0":"post-4189","1":"product","2":"type-product","3":"status-publish","4":"has-post-thumbnail","6":"product_cat-rouge","8":"first","9":"instock","10":"featured","11":"purchasable","12":"product-type-simple"},"jetpack_sharing_enabled":true,"_links":{"self":[{"href":"https:\/\/www.valdelorme.fr\/index.php\/wp-json\/wp\/v2\/product\/4189","targetHints":{"allow":["GET"]}}],"collection":[{"href":"https:\/\/www.valdelorme.fr\/index.php\/wp-json\/wp\/v2\/product"}],"about":[{"href":"https:\/\/www.valdelorme.fr\/index.php\/wp-json\/wp\/v2\/types\/product"}],"replies":[{"embeddable":true,"href":"https:\/\/www.valdelorme.fr\/index.php\/wp-json\/wp\/v2\/comments?post=4189"}],"wp:featuredmedia":[{"embeddable":true,"href":"https:\/\/www.valdelorme.fr\/index.php\/wp-json\/wp\/v2\/media\/11470"}],"wp:attachment":[{"href":"https:\/\/www.valdelorme.fr\/index.php\/wp-json\/wp\/v2\/media?parent=4189"}],"wp:term":[{"taxonomy":"product_brand","embeddable":true,"href":"https:\/\/www.valdelorme.fr\/index.php\/wp-json\/wp\/v2\/product_brand?post=4189"},{"taxonomy":"product_cat","embeddable":true,"href":"https:\/\/www.valdelorme.fr\/index.php\/wp-json\/wp\/v2\/product_cat?post=4189"},{"taxonomy":"product_tag","embeddable":true,"href":"https:\/\/www.valdelorme.fr\/index.php\/wp-json\/wp\/v2\/product_tag?post=4189"}],"curies":[{"name":"wp","href":"https:\/\/api.w.org\/{rel}","templated":true}]}}