{"id":4471,"date":"2024-12-13T12:38:22","date_gmt":"2024-12-13T11:38:22","guid":{"rendered":"https:\/\/www.valdelorme.fr\/?post_type=product&#038;p=4471"},"modified":"2026-01-22T11:36:36","modified_gmt":"2026-01-22T10:36:36","slug":"tavel-ancien-2023","status":"publish","type":"product","link":"https:\/\/www.valdelorme.fr\/index.php\/produit\/tavel-ancien-2023\/","title":{"rendered":"Tavel \u00ab\u00a0Ancien\u00a0\u00bb 2023"},"content":{"rendered":"<p>Une cuv\u00e9e faite avec le coeur. Jean-Maxime a r\u00e9ellement souhait\u00e9 revenir aux sources du Tavel. Une appellation historiquement reconnue et qui \u00e9tait sur toutes les tables. Il s&rsquo;est questionn\u00e9 : A quoi ressemblait le Tavel \u00e0 la cr\u00e9ation de l&rsquo;appellation en 1936. Une palette de c\u00e9pages \u00e9norme (13 au total), des blancs, des noirs, des roses. Nous en poss\u00e9dons une partie, le reste a \u00e9t\u00e9 replant\u00e9 l&rsquo;ann\u00e9e derni\u00e8re.<\/p>\n<p>Ce Tavel : Un ros\u00e9 de mac\u00e9ration de c\u00e9pages blancs et noirs ensemble. Retrouver cette couleur rubis. Avoir de la buvabilit\u00e9 (un vin \u00e0 12,5% d&rsquo;alcool), du fruit et de la fra\u00eecheur.<\/p>\n<p>Comme il l&rsquo;imaginait, il a test\u00e9 le concept jusqu&rsquo;au bout.<\/p>\n","protected":false},"excerpt":{"rendered":"<p><strong>CEPAGES :<\/strong> Grenache noir, Grenache Blanc, Syrah, Cinsault, Picpoul Blanc, Clairette Blanche<\/p>\n<p><strong>TERROIRS :<\/strong> Sables<\/p>\n<p><strong>VENDANGE ET VINIFICATION<\/strong> : Raisins ramass\u00e9s \u00e0 la main et en caisse. Vinification \u00e0 l&rsquo;ancienne comme se faisait le Tavel il y a 150 ans. Mac\u00e9ration courte de tous les c\u00e9pages ensemble en levures indig\u00e8nes.<\/p>\n<p><strong>DEGUSTATION :<\/strong> Robe rubis intense. Nez d\u00e9licat sur des notes de framboises. Bouche avec beaucoup d&rsquo;\u00e9l\u00e9gance, de finesse et de longueur.<\/p>\n<p>Temp\u00e9rature de service, 11 \u00b0C.<\/p>\n<p><strong>Degr\u00e9s d&rsquo;alcool :<\/strong> 12,5%<\/p>\n","protected":false},"featured_media":4468,"comment_status":"open","ping_status":"closed","template":"","meta":{"om_disable_all_campaigns":false,"_themeisle_gutenberg_block_has_review":false},"product_brand":[],"product_cat":[68],"product_tag":[],"class_list":{"0":"post-4471","1":"product","2":"type-product","3":"status-publish","4":"has-post-thumbnail","6":"product_cat-rose","8":"first","9":"outofstock","10":"purchasable","11":"product-type-simple"},"jetpack_sharing_enabled":true,"_links":{"self":[{"href":"https:\/\/www.valdelorme.fr\/index.php\/wp-json\/wp\/v2\/product\/4471","targetHints":{"allow":["GET"]}}],"collection":[{"href":"https:\/\/www.valdelorme.fr\/index.php\/wp-json\/wp\/v2\/product"}],"about":[{"href":"https:\/\/www.valdelorme.fr\/index.php\/wp-json\/wp\/v2\/types\/product"}],"replies":[{"embeddable":true,"href":"https:\/\/www.valdelorme.fr\/index.php\/wp-json\/wp\/v2\/comments?post=4471"}],"wp:featuredmedia":[{"embeddable":true,"href":"https:\/\/www.valdelorme.fr\/index.php\/wp-json\/wp\/v2\/media\/4468"}],"wp:attachment":[{"href":"https:\/\/www.valdelorme.fr\/index.php\/wp-json\/wp\/v2\/media?parent=4471"}],"wp:term":[{"taxonomy":"product_brand","embeddable":true,"href":"https:\/\/www.valdelorme.fr\/index.php\/wp-json\/wp\/v2\/product_brand?post=4471"},{"taxonomy":"product_cat","embeddable":true,"href":"https:\/\/www.valdelorme.fr\/index.php\/wp-json\/wp\/v2\/product_cat?post=4471"},{"taxonomy":"product_tag","embeddable":true,"href":"https:\/\/www.valdelorme.fr\/index.php\/wp-json\/wp\/v2\/product_tag?post=4471"}],"curies":[{"name":"wp","href":"https:\/\/api.w.org\/{rel}","templated":true}]}}